{"id":2641,"date":"2018-04-28T07:25:58","date_gmt":"2018-04-28T07:25:58","guid":{"rendered":"http:\/\/demo.zozothemes.com\/induzy\/?page_id=2641"},"modified":"2018-04-28T07:25:58","modified_gmt":"2018-04-28T07:25:58","slug":"coming-soon","status":"publish","type":"page","link":"https:\/\/www.magellanaviation.com\/fr\/coming-soon\/","title":{"rendered":"Coming Soon"},"content":{"rendered":"<div data-vc-full-width=\"true\" data-vc-full-width-init=\"false\" data-bg-overlay=\"rgba(255,255,255,0.7)\" data-class=\"induzy-custom-row-1\" class=\"vc_row wpb_row vc_row-fluid bg-fixed vc_custom_1524901935614 vc_row-has-fill row-overlay-custom induzy-vc-row induzy-custom-row-1\"><span class=\"row-overlay\"><\/span><div class=\"wpb_column vc_column_container vc_col-sm-12\"><div class=\"vc_column-inner\"><div class=\"wpb_wrapper\"><div class=\"vc_row wpb_row vc_inner vc_row-fluid vc_custom_1520599325660\"><div class=\"wpb_column vc_column_container vc_col-sm-12\"><div class=\"vc_column-inner\"><div class=\"wpb_wrapper\"><div class=\"section-title-wrapper text-center shortcode-rand-2 induzy-inline-css\" data-css=\"&quot;.shortcode-rand-2 .section-title .title-prefix { color: #000000; }.shortcode-rand-2 .section-title .title-suffix { color: #000000; }.shortcode-rand-2 .section-title { color: #fc8902; text-transform: none; }&quot;\"><div class=\"title-wrap\"><h2 class=\"section-title\"><span class=\"title-prefix theme-color\">We Are Here <\/span> Coming <span class=\"title-suffix theme-color\">Soon<\/span><\/h2><\/div><!-- .title-wrap --><div class=\"section-description\"><\/div><!-- .section-description --><\/div><!-- .section-title-wrapper --><div class=\"day-counter-wrapper day-counter-transparent text-center counter-field-4\" data-css=\"&quot;&quot;\"><div class=\"day-counter\" data-date=\"2020\/02\/14\"><div class=\"counter-day rounded-0\"><div class=\"counter-item\"><h3><\/h3><span>Days<\/span><\/div><\/div><!-- .counter-day --><div class=\"counter-hour rounded-0\"><div class=\"counter-item\"><h3><\/h3><span>Heures maximum<\/span><\/div><\/div><!-- .counter-hour --><div class=\"counter-min rounded-0\"><div class=\"counter-item\"><h3><\/h3><span>Minutes<\/span><\/div><\/div><!-- .counter-min --><div class=\"counter-sec rounded-0\"><div class=\"counter-item\"><h3><\/h3><span>Seconds<\/span><\/div><\/div><!-- .counter-sec --><\/div><!-- .day-counter --><\/div><!-- .day-counter-wrapper --><\/div><\/div><\/div><\/div><div class=\"vc_row wpb_row vc_inner vc_row-fluid vc_custom_1520598466617\"><div class=\"wpb_column vc_column_container vc_col-sm-3\"><div class=\"vc_column-inner\"><div class=\"wpb_wrapper\"><\/div><\/div><\/div><div class=\"wpb_column vc_column_container vc_col-sm-6\"><div class=\"vc_column-inner\"><div class=\"wpb_wrapper\"><div class=\"section-title-wrapper text-center shortcode-rand-4 induzy-inline-css\" data-css=\"&quot;.shortcode-rand-4 .section-title { text-transform: none; }&quot;\"><div class=\"title-wrap\"><h2 class=\"section-title\">About Us<\/h2><\/div><!-- .title-wrap --><div class=\"section-description\">Lorem ipsum dolor sit amet, consectetur adipiscing elit, sed do eiusmod tempor incididunt ut labore et dolore magna aliqua. Ut enim ad minim veniam, quis nostrud exercitation ullamco laboris nisi ut aliquip ex ea commodo consequat.<\/div><!-- .section-description --><\/div><!-- .section-title-wrapper --><\/div><\/div><\/div><div class=\"wpb_column vc_column_container vc_col-sm-3\"><div class=\"vc_column-inner\"><div class=\"wpb_wrapper\"><\/div><\/div><\/div><\/div><div class=\"vc_row wpb_row vc_inner vc_row-fluid vc_custom_1520598496697\"><div class=\"wpb_column vc_column_container vc_col-sm-3\"><div class=\"vc_column-inner\"><div class=\"wpb_wrapper\"><\/div><\/div><\/div><div class=\"wpb_column vc_column_container vc_col-sm-6\"><div class=\"vc_column-inner\"><div class=\"wpb_wrapper\"><div class=\"section-title-wrapper text-center shortcode-rand-5 induzy-inline-css\" data-css=\"&quot;.shortcode-rand-5 .section-title { text-transform: none; }&quot;\"><div class=\"title-wrap\"><h2 class=\"section-title\">Contact Us<\/h2><\/div><!-- .title-wrap --><div class=\"section-description\">Lorem ipsum dolor sit amet, consectetur adipiscing elit, sed do eiusmod tempor incididunt ut labore et dolore magna aliqua. Ut enim ad minim veniam, quis nostrud exercitation ullamco laboris nisi ut aliquip ex ea commodo consequat.<\/div><!-- .section-description --><\/div><!-- .section-title-wrapper -->\n<div class=\"wpcf7 no-js\" id=\"wpcf7-f2280-o1\" lang=\"en-US\" dir=\"ltr\">\n<div class=\"screen-reader-response\"><p role=\"status\" aria-live=\"polite\" aria-atomic=\"true\"><\/p> <ul><\/ul><\/div>\n<form action=\"\/fr\/wp-json\/wp\/v2\/pages\/2641#wpcf7-f2280-o1\" method=\"post\" class=\"wpcf7-form init\" aria-label=\"Contact form\" novalidate=\"novalidate\" data-status=\"init\" data-trp-original-action=\"\/fr\/wp-json\/wp\/v2\/pages\/2641#wpcf7-f2280-o1\">\n<div style=\"display: none;\">\n<input type=\"hidden\" name=\"_wpcf7\" value=\"2280\" \/>\n<input type=\"hidden\" name=\"_wpcf7_version\" value=\"5.8\" \/>\n<input type=\"hidden\" name=\"_wpcf7_locale\" value=\"en_US\" \/>\n<input type=\"hidden\" name=\"_wpcf7_unit_tag\" value=\"wpcf7-f2280-o1\" \/>\n<input type=\"hidden\" name=\"_wpcf7_container_post\" value=\"0\" \/>\n<input type=\"hidden\" name=\"_wpcf7_posted_data_hash\" value=\"\" \/>\n<\/div>\n<div class=\"row\">\n\t<div class=\"col-md-6\">\n\t\t<p><span class=\"wpcf7-form-control-wrap\" data-name=\"Name\"><input size=\"40\" class=\"wpcf7-form-control wpcf7-text wpcf7-validates-as-required\" aria-required=\"true\" aria-invalid=\"false\" placeholder=\"Votre Nom\" value=\"\" type=\"text\" name=\"Name\" \/><\/span><br \/>\n<span class=\"wpcf7-form-control-wrap\" data-name=\"your-email\"><input size=\"40\" class=\"wpcf7-form-control wpcf7-email wpcf7-validates-as-required wpcf7-text wpcf7-validates-as-email\" aria-required=\"true\" aria-invalid=\"false\" placeholder=\"Votre Courriel\" value=\"\" type=\"email\" name=\"your-email\" \/><\/span>\n\t\t<\/p>\n\t<\/div>\n\t<div class=\"col-md-6\">\n\t\t<p><span class=\"wpcf7-form-control-wrap\" data-name=\"Phone\"><input size=\"40\" class=\"wpcf7-form-control wpcf7-tel wpcf7-validates-as-required wpcf7-text wpcf7-validates-as-tel\" aria-required=\"true\" aria-invalid=\"false\" placeholder=\"Votre num\u00e9ro de t\u00e9l\u00e9phone\" value=\"\" type=\"tel\" name=\"Phone\" \/><\/span><br \/>\n<span class=\"wpcf7-form-control-wrap\" data-name=\"menu-335\"><select class=\"wpcf7-form-control wpcf7-select wpcf7-validates-as-required\" aria-required=\"true\" aria-invalid=\"false\" name=\"menu-335\"><option value=\"Pilot training\">Formations pour Pilotes<\/option><option value=\"Maintenance Training\">Formations Maintenance<\/option><option value=\"IT solutions\">Solutions Informatiques<\/option><option value=\"Technical support\">Support Technique<\/option><\/select><\/span>\n\t\t<\/p>\n\t<\/div>\n<\/div>\n<p><span class=\"wpcf7-form-control-wrap\" data-name=\"Message\"><textarea cols=\"40\" rows=\"10\" class=\"wpcf7-form-control wpcf7-textarea\" aria-invalid=\"false\" placeholder=\"Votre message\" name=\"Message\"><\/textarea><\/span>\n<\/p>\n<p>[anr_nocaptcha g-recaptcha-response]\n<\/p>\n<p><input class=\"wpcf7-form-control wpcf7-submit has-spinner\" type=\"submit\" value=\"Soumettre\" \/>\n<\/p><div class=\"wpcf7-response-output\" aria-hidden=\"true\"><\/div>\n<input type=\"hidden\" name=\"trp-form-language\" value=\"fr\"\/><\/form>\n<\/div>\n<\/div><\/div><\/div><div class=\"wpb_column vc_column_container vc_col-sm-3\"><div class=\"vc_column-inner\"><div class=\"wpb_wrapper\"><\/div><\/div><\/div><\/div><\/div><\/div><\/div><\/div><div class=\"vc_row-full-width vc_clearfix\"><\/div>","protected":false},"excerpt":{"rendered":"We Are Here Coming SoonDaysHoursMinutesSecondsAbout UsLorem ipsum dolor sit amet, consectetur adipiscing elit, sed do eiusmod tempor incididunt ut labore et dolore magna aliqua. Ut enim ad minim veniam, quis nostrud exercitation ullamco laboris nisi ut aliquip ex ea commodo consequat.Contact UsLorem ipsum dolor sit amet, consectetur adipiscing elit, sed do eiusmod tempor incididunt ut","protected":false},"author":1,"featured_media":0,"parent":0,"menu_order":0,"comment_status":"closed","ping_status":"closed","template":"","meta":{"footnotes":""},"_links":{"self":[{"href":"https:\/\/www.magellanaviation.com\/fr\/wp-json\/wp\/v2\/pages\/2641"}],"collection":[{"href":"https:\/\/www.magellanaviation.com\/fr\/wp-json\/wp\/v2\/pages"}],"about":[{"href":"https:\/\/www.magellanaviation.com\/fr\/wp-json\/wp\/v2\/types\/page"}],"author":[{"embeddable":true,"href":"https:\/\/www.magellanaviation.com\/fr\/wp-json\/wp\/v2\/users\/1"}],"replies":[{"embeddable":true,"href":"https:\/\/www.magellanaviation.com\/fr\/wp-json\/wp\/v2\/comments?post=2641"}],"version-history":[{"count":0,"href":"https:\/\/www.magellanaviation.com\/fr\/wp-json\/wp\/v2\/pages\/2641\/revisions"}],"wp:attachment":[{"href":"https:\/\/www.magellanaviation.com\/fr\/wp-json\/wp\/v2\/media?parent=2641"}],"curies":[{"name":"wp","href":"https:\/\/api.w.org\/{rel}","templated":true}]}}