{"id":3272,"date":"2018-08-21T07:13:58","date_gmt":"2018-08-21T07:13:58","guid":{"rendered":"http:\/\/demo.zozothemes.com\/induzy\/?page_id=3272"},"modified":"2019-08-27T18:14:47","modified_gmt":"2019-08-27T16:14:47","slug":"contact-us-1","status":"publish","type":"page","link":"https:\/\/www.magellanaviation.com\/fr\/contact-us-1\/","title":{"rendered":"Contact"},"content":{"rendered":"<div class=\"vc_row wpb_row vc_row-fluid vc_custom_1556203559571\"><div class=\"wpb_column vc_column_container vc_col-sm-12 vc_col-lg-8 vc_col-md-8\"><div class=\"vc_column-inner\"><div class=\"wpb_wrapper\"><div class=\"section-title-wrapper shortcode-rand-2 induzy-inline-css\" data-css=\"&quot;.shortcode-rand-2 .title-separator.separator-border { background-color: ; }.shortcode-rand-2 .section-title { text-transform: uppercase; }&quot;\"><div class=\"title-wrap\"><h3 class=\"section-title\">Contactez-nous<\/h3><span class=\"title-separator separator-border theme-color-bg\"><\/span><\/div><!-- .title-wrap --><div class=\"section-description\"><\/div><!-- .section-description --><\/div><!-- .section-title-wrapper -->\n<div class=\"wpcf7 no-js\" id=\"wpcf7-f2280-o1\" lang=\"en-US\" dir=\"ltr\">\n<div class=\"screen-reader-response\"><p role=\"status\" aria-live=\"polite\" aria-atomic=\"true\"><\/p> <ul><\/ul><\/div>\n<form action=\"\/fr\/wp-json\/wp\/v2\/pages\/3272#wpcf7-f2280-o1\" method=\"post\" class=\"wpcf7-form init\" aria-label=\"Contact form\" novalidate=\"novalidate\" data-status=\"init\" data-trp-original-action=\"\/fr\/wp-json\/wp\/v2\/pages\/3272#wpcf7-f2280-o1\">\n<div style=\"display: none;\">\n<input type=\"hidden\" name=\"_wpcf7\" value=\"2280\" \/>\n<input type=\"hidden\" name=\"_wpcf7_version\" value=\"5.8\" \/>\n<input type=\"hidden\" name=\"_wpcf7_locale\" value=\"en_US\" \/>\n<input type=\"hidden\" name=\"_wpcf7_unit_tag\" value=\"wpcf7-f2280-o1\" \/>\n<input type=\"hidden\" name=\"_wpcf7_container_post\" value=\"0\" \/>\n<input type=\"hidden\" name=\"_wpcf7_posted_data_hash\" value=\"\" \/>\n<\/div>\n<div class=\"row\">\n\t<div class=\"col-md-6\">\n\t\t<p><span class=\"wpcf7-form-control-wrap\" data-name=\"Name\"><input size=\"40\" class=\"wpcf7-form-control wpcf7-text wpcf7-validates-as-required\" aria-required=\"true\" aria-invalid=\"false\" placeholder=\"Votre Nom\" value=\"\" type=\"text\" name=\"Name\" \/><\/span><br \/>\n<span class=\"wpcf7-form-control-wrap\" data-name=\"your-email\"><input size=\"40\" class=\"wpcf7-form-control wpcf7-email wpcf7-validates-as-required wpcf7-text wpcf7-validates-as-email\" aria-required=\"true\" aria-invalid=\"false\" placeholder=\"Votre Courriel\" value=\"\" type=\"email\" name=\"your-email\" \/><\/span>\n\t\t<\/p>\n\t<\/div>\n\t<div class=\"col-md-6\">\n\t\t<p><span class=\"wpcf7-form-control-wrap\" data-name=\"Phone\"><input size=\"40\" class=\"wpcf7-form-control wpcf7-tel wpcf7-validates-as-required wpcf7-text wpcf7-validates-as-tel\" aria-required=\"true\" aria-invalid=\"false\" placeholder=\"Votre num\u00e9ro de t\u00e9l\u00e9phone\" value=\"\" type=\"tel\" name=\"Phone\" \/><\/span><br \/>\n<span class=\"wpcf7-form-control-wrap\" data-name=\"menu-335\"><select class=\"wpcf7-form-control wpcf7-select wpcf7-validates-as-required\" aria-required=\"true\" aria-invalid=\"false\" name=\"menu-335\"><option value=\"Pilot training\">Formations pour Pilotes<\/option><option value=\"Maintenance Training\">Formations Maintenance<\/option><option value=\"IT solutions\">Solutions Informatiques<\/option><option value=\"Technical support\">Support Technique<\/option><\/select><\/span>\n\t\t<\/p>\n\t<\/div>\n<\/div>\n<p><span class=\"wpcf7-form-control-wrap\" data-name=\"Message\"><textarea cols=\"40\" rows=\"10\" class=\"wpcf7-form-control wpcf7-textarea\" aria-invalid=\"false\" placeholder=\"Votre message\" name=\"Message\"><\/textarea><\/span>\n<\/p>\n<p>[anr_nocaptcha g-recaptcha-response]\n<\/p>\n<p><input class=\"wpcf7-form-control wpcf7-submit has-spinner\" type=\"submit\" value=\"Soumettre\" \/>\n<\/p><div class=\"wpcf7-response-output\" aria-hidden=\"true\"><\/div>\n<input type=\"hidden\" name=\"trp-form-language\" value=\"fr\"\/><\/form>\n<\/div>\n<\/div><\/div><\/div><div class=\"pl-lg-4 wpb_column vc_column_container vc_col-sm-12 vc_col-lg-4 vc_col-md-4\"><div class=\"vc_column-inner vc_custom_1534748284537\"><div class=\"wpb_wrapper\"><div class=\"contact-info-wrapper contact-info-style-1\" data-css=\"&quot;&quot;\"><h3 class=\"contact-info-title\">Si\u00e8ge social<\/h3><div class=\"contact-address\"><span class=\"icon-directions icons\"><\/span><div class=\"contact-info-inner\">753 Rue Ste Helene, Longueuil QC<br \/>\nJ4K3R5 CANADA<\/div><\/div><!-- .contact-info --><div class=\"contact-mail\"><a href=\"mailto:contact@magellanaviation.com\"><span class=\"icon-envelope icons\"><\/span> contact@magellanaviation.com<\/a><\/div><!-- .contact-mail --><div class=\"contact-phone\"><a href=\"tel:+1 514 894-8183\"><span class=\"icon-screen-smartphone icons\"><\/span> +1 514 894-8183<\/a><\/div><!-- .contact-phone --><\/div><!-- .contact-info-wrapper --><div class=\"vc_empty_space\"   style=\"height: 32px\"><span class=\"vc_empty_space_inner\"><\/span><\/div><div class=\"contact-info-wrapper contact-info-style-1\" data-css=\"&quot;&quot;\"><h3 class=\"contact-info-title\">Formations et Services<\/h3><div class=\"contact-mail\"><a href=\"mailto:training@magellanaviation.com\"><span class=\"icon-envelope icons\"><\/span> training@magellanaviation.com<\/a><\/div><!-- .contact-mail --><div class=\"contact-phone\"><a href=\"tel:+1 514 894-8183\"><span class=\"icon-screen-smartphone icons\"><\/span> +1 514 894-8183<\/a><\/div><!-- .contact-phone --><\/div><!-- .contact-info-wrapper --><\/div><\/div><\/div><\/div><div class=\"vc_row wpb_row vc_row-fluid vc_custom_1556203479091\"><div class=\"wpb_column vc_column_container vc_col-sm-12\"><div class=\"vc_column-inner vc_custom_1558797168779\"><div class=\"wpb_wrapper\"><div class=\"wpb_gmaps_widget wpb_content_element\"><h2 class=\"wpb_heading wpb_map_heading\">Magellan Aviation Services Inc.<\/h2><div class=\"wpb_wrapper\"><div class=\"wpb_map_wraper\"><iframe src=\"https:\/\/www.google.com\/maps\/embed?pb=!1m18!1m12!1m3!1d2795.433305278888!2d-73.5100044!3d45.521485299999995!2m3!1f0!2f0!3f0!3m2!1i1024!2i768!4f13.1!3m3!1m2!1s0x4cc91b3e9d5bc707%3A0x84436e1b7a7e3e78!2s753+Rue+Sainte-H%C3%A9l%C3%A8ne%2C+Longueuil%2C+QC+J4K+1K5%2C+Canada!5e0!3m2!1sfr!2sfr!4v1444252453191\" width=\"600\" height=\"450\" frameborder=\"0\" style=\"border:0\" allowfullscreen><\/iframe><\/div><\/div><\/div><\/div><\/div><\/div><\/div>","protected":false},"excerpt":{"rendered":"Get in Touch Pilot trainingMaintenance TrainingIT solutionsTechnical support [anr_nocaptcha g-recaptcha-response] Headquarters753 Rue Ste Helene, Longueuil QC J4K3R5 CANADA contact@magellanaviation.com +1 514 894-8183Training and Services training@magellanaviation.com +1 514 894-8183Magellan Aviation Services Inc.","protected":false},"author":1,"featured_media":0,"parent":0,"menu_order":0,"comment_status":"closed","ping_status":"closed","template":"","meta":{"footnotes":""},"_links":{"self":[{"href":"https:\/\/www.magellanaviation.com\/fr\/wp-json\/wp\/v2\/pages\/3272"}],"collection":[{"href":"https:\/\/www.magellanaviation.com\/fr\/wp-json\/wp\/v2\/pages"}],"about":[{"href":"https:\/\/www.magellanaviation.com\/fr\/wp-json\/wp\/v2\/types\/page"}],"author":[{"embeddable":true,"href":"https:\/\/www.magellanaviation.com\/fr\/wp-json\/wp\/v2\/users\/1"}],"replies":[{"embeddable":true,"href":"https:\/\/www.magellanaviation.com\/fr\/wp-json\/wp\/v2\/comments?post=3272"}],"version-history":[{"count":18,"href":"https:\/\/www.magellanaviation.com\/fr\/wp-json\/wp\/v2\/pages\/3272\/revisions"}],"predecessor-version":[{"id":3790,"href":"https:\/\/www.magellanaviation.com\/fr\/wp-json\/wp\/v2\/pages\/3272\/revisions\/3790"}],"wp:attachment":[{"href":"https:\/\/www.magellanaviation.com\/fr\/wp-json\/wp\/v2\/media?parent=3272"}],"curies":[{"name":"wp","href":"https:\/\/api.w.org\/{rel}","templated":true}]}}