{"id":3436,"date":"2019-04-25T16:10:14","date_gmt":"2019-04-25T14:10:14","guid":{"rendered":"http:\/\/www2.magellanaviation.com\/?page_id=3436"},"modified":"2021-03-22T20:42:40","modified_gmt":"2021-03-22T19:42:40","slug":"services","status":"publish","type":"page","link":"https:\/\/www.magellanaviation.com\/fr\/services\/","title":{"rendered":"Services"},"content":{"rendered":"<div class=\"vc_row wpb_row vc_row-fluid vc_custom_1569258289094\"><div class=\"wpb_column vc_column_container vc_col-sm-1\/5\"><div class=\"vc_column-inner\"><div class=\"wpb_wrapper\"><div class=\"flip-box-wrapper text-center shortcode-rand-2 induzy-inline-css\" data-css=\"&quot;.shortcode-rand-2.flip-box-wrapper .flip-back { color: #000000; }.shortcode-rand-2.flip-box-wrapper .flip-back { background-color: #bba2e8; }.shortcode-rand-2.flip-box-wrapper .flip-front { padding-top: 20px; padding-bottom: 20px; }.shortcode-rand-2.flip-box-wrapper .flip-back { padding-top: 20px; padding-bottom: 20px; }.shortcode-rand-2 .flip-box-icon { font-size: 24px; }.shortcode-rand-2 .flip-box-icon { height: 48px; width: 48px; }.shortcode-rand-2 .flip-box-icon { line-height: 2; }.shortcode-rand-2:hover .flip-box-icon { color: #000000; }.shortcode-rand-2 .flip-box-icon { background: transparent; }.shortcode-rand-2:hover .flip-box-icon { background: transparent; }&quot;\"><div class=\"flip-inner imghvr-flip-vert\"><div class=\"flip-front\"><div class=\"flip-box-title\"><h3 class=\"section-title\">Acceptance Inspections<\/h3><\/div><!-- .flip-box-title --><div class=\"flip-box-thumb\"><img class=\"img-fluid squared\" src=\"https:\/\/www.magellanaviation.com\/wp-content\/uploads\/2019\/04\/AMA_Instruction_011317__9-1024x681-e1555962618659.jpg\" width=\"902\" height=\"600\" alt=\"Acceptance Inspections\" \/><\/div><!-- .flip-box-thumb --><\/div><!-- .flip-front --><div class=\"flip-back\"><div class=\"flip-box-content\"><\/p>\n<p style=\"text-align: center\"><span style=\"font-size: 12pt;font-family: verdana, geneva, sans-serif;color: #000000\"><a id=\"delivery_inspection\"><\/a>Inspections<\/span><\/p>\n<p><\/div><!-- .flip-box-content --><div class=\"flip-box-btn\"><a class=\"btn default\" href=\"#acceptance_inspection\" title=\"Lire Plus\">Lire Plus<\/a><\/div><!-- .flip-box-btn --><div class=\"flip-box-icon text-center squared icon-dark\"><span class=\"icon-wrench\"><\/span><\/div><!-- .flip-box-icon --><\/div><!-- .flip-back --><\/div><!-- .flip-inner --><\/div><!-- .flip-box-wrapper --><\/div><\/div><\/div><div class=\"wpb_column vc_column_container vc_col-sm-1\/5\"><div class=\"vc_column-inner\"><div class=\"wpb_wrapper\"><div class=\"flip-box-wrapper text-center shortcode-rand-3 induzy-inline-css\" data-css=\"&quot;.shortcode-rand-3.flip-box-wrapper .flip-back { color: #020202; }.shortcode-rand-3.flip-box-wrapper .flip-back { background-color: #bba2e8; }.shortcode-rand-3.flip-box-wrapper .flip-front { padding-top: 20px; padding-bottom: 20px; }.shortcode-rand-3.flip-box-wrapper .flip-back { padding-top: 20px; padding-bottom: 20px; }.shortcode-rand-3 .flip-box-icon { font-size: 24px; }.shortcode-rand-3 .flip-box-icon { height: 48px; width: 48px; }.shortcode-rand-3 .flip-box-icon { line-height: 2; }.shortcode-rand-3:hover .flip-box-icon { color: #000000; }.shortcode-rand-3 .flip-box-icon { background: transparent; }.shortcode-rand-3:hover .flip-box-icon { background: transparent; }&quot;\"><div class=\"flip-inner imghvr-flip-vert\"><div class=\"flip-front\"><div class=\"flip-box-title\"><h3 class=\"section-title\">Ferry et Demo<\/h3><\/div><!-- .flip-box-title --><div class=\"flip-box-thumb\"><img class=\"img-fluid squared\" src=\"https:\/\/www.magellanaviation.com\/wp-content\/uploads\/2019\/09\/IMG_6607.jpg\" width=\"1792\" height=\"1186\" alt=\"Ferry Flights\" \/><\/div><!-- .flip-box-thumb --><\/div><!-- .flip-front --><div class=\"flip-back\"><div class=\"flip-box-content\"><\/p>\n<p style=\"text-align: center\"><span style=\"font-size: 12pt\"><span style=\"font-family: verdana, geneva, sans-serif;color: #000000\">Ferry et Demo<br \/>\n<\/span><\/span><\/p>\n<p><\/div><!-- .flip-box-content --><div class=\"flip-box-btn\"><a class=\"btn default\" href=\"#ferry_flight\" title=\"Lire Plus\">Lire Plus<\/a><\/div><!-- .flip-box-btn --><div class=\"flip-box-icon text-center squared icon-dark\"><span class=\"fa fa-paper-plane-o\"><\/span><\/div><!-- .flip-box-icon --><\/div><!-- .flip-back --><\/div><!-- .flip-inner --><\/div><!-- .flip-box-wrapper --><\/div><\/div><\/div><div class=\"wpb_column vc_column_container vc_col-sm-1\/5\"><div class=\"vc_column-inner\"><div class=\"wpb_wrapper\"><div class=\"flip-box-wrapper text-center shortcode-rand-4 induzy-inline-css\" data-css=\"&quot;.shortcode-rand-4.flip-box-wrapper .flip-back { color: #020202; }.shortcode-rand-4.flip-box-wrapper .flip-back { background-color: #bba2e8; }.shortcode-rand-4.flip-box-wrapper .flip-front { padding-top: 20px; padding-bottom: 20px; }.shortcode-rand-4.flip-box-wrapper .flip-back { padding-top: 20px; padding-bottom: 20px; }.shortcode-rand-4 .flip-box-icon { font-size: 24px; }.shortcode-rand-4 .flip-box-icon { height: 48px; width: 48px; }.shortcode-rand-4 .flip-box-icon { line-height: 2; }.shortcode-rand-4 .flip-box-icon { background: transparent; }.shortcode-rand-4:hover .flip-box-icon { background: transparent; }&quot;\"><div class=\"flip-inner imghvr-flip-vert\"><div class=\"flip-front\"><div class=\"flip-box-title\"><h3 class=\"section-title\">Recrutement d'\u00c9quipages<\/h3><\/div><!-- .flip-box-title --><div class=\"flip-box-thumb\"><img class=\"img-fluid squared\" src=\"https:\/\/www.magellanaviation.com\/wp-content\/uploads\/2019\/04\/TPSCoC3_16_12.jpg\" width=\"500\" height=\"333\" alt=\"Crew Provisioning\" \/><\/div><!-- .flip-box-thumb --><\/div><!-- .flip-front --><div class=\"flip-back\"><div class=\"flip-box-content\"><\/p>\n<p style=\"text-align: center\"><span style=\"font-size: 12pt\"><span style=\"font-family: verdana, geneva, sans-serif;color: #000000\">Recrutement d'\u00c9quipages<br \/>\n<\/span><\/span><\/p>\n<p><\/div><!-- .flip-box-content --><div class=\"flip-box-btn\"><a class=\"btn default\" href=\"#crew_provisioning\" title=\"Lire Plus\">Lire Plus<\/a><\/div><!-- .flip-box-btn --><div class=\"flip-box-icon text-center squared icon-dark\"><span class=\"fa fa-briefcase\"><\/span><\/div><!-- .flip-box-icon --><\/div><!-- .flip-back --><\/div><!-- .flip-inner --><\/div><!-- .flip-box-wrapper --><\/div><\/div><\/div><div class=\"wpb_column vc_column_container vc_col-sm-1\/5\"><div class=\"vc_column-inner\"><div class=\"wpb_wrapper\"><div class=\"flip-box-wrapper text-center shortcode-rand-5 induzy-inline-css\" data-css=\"&quot;.shortcode-rand-5.flip-box-wrapper .flip-back { color: #020202; }.shortcode-rand-5.flip-box-wrapper .flip-back { background-color: #bba2e8; }.shortcode-rand-5.flip-box-wrapper .flip-front { padding-top: 20px; padding-bottom: 20px; }.shortcode-rand-5.flip-box-wrapper .flip-back { padding-top: 20px; padding-bottom: 20px; }.shortcode-rand-5 .flip-box-icon { font-size: 24px; }.shortcode-rand-5 .flip-box-icon { height: 48px; width: 48px; }.shortcode-rand-5 .flip-box-icon { line-height: 2; }.shortcode-rand-5:hover .flip-box-icon { color: #000000; }.shortcode-rand-5 .flip-box-icon { background: transparent; }.shortcode-rand-5:hover .flip-box-icon { background: transparent; }&quot;\"><div class=\"flip-inner imghvr-flip-vert\"><div class=\"flip-front\"><div class=\"flip-box-title\"><h3 class=\"section-title\">Support Maintenance<\/h3><\/div><!-- .flip-box-title --><div class=\"flip-box-thumb\"><img class=\"img-fluid squared\" src=\"https:\/\/www.magellanaviation.com\/wp-content\/uploads\/2019\/04\/AMA_Instruction_011317__9-1024x681-e1555962618659.jpg\" width=\"902\" height=\"600\" alt=\"Maintenance Support\" \/><\/div><!-- .flip-box-thumb --><\/div><!-- .flip-front --><div class=\"flip-back\"><div class=\"flip-box-content\"><\/p>\n<p style=\"text-align: justify\"><span style=\"font-size: 12pt\"><span style=\"font-family: verdana, geneva, sans-serif;color: #000000\"><span style=\"font-size: 12pt\">A\/C Maintenance<\/span><\/span><\/span><\/p>\n<p><\/div><!-- .flip-box-content --><div class=\"flip-box-btn\"><a class=\"btn default\" href=\"#maintenance_support\" title=\"Lire Plus\">Lire Plus<\/a><\/div><!-- .flip-box-btn --><div class=\"flip-box-icon text-center squared icon-dark\"><span class=\"fa fa-cogs\"><\/span><\/div><!-- .flip-box-icon --><\/div><!-- .flip-back --><\/div><!-- .flip-inner --><\/div><!-- .flip-box-wrapper --><\/div><\/div><\/div><div class=\"wpb_column vc_column_container vc_col-sm-1\/5\"><div class=\"vc_column-inner\"><div class=\"wpb_wrapper\"><div class=\"flip-box-wrapper text-center shortcode-rand-6 induzy-inline-css\" data-css=\"&quot;.shortcode-rand-6.flip-box-wrapper .flip-back { color: #020202; }.shortcode-rand-6.flip-box-wrapper .flip-back { background-color: #bba2e8; }.shortcode-rand-6.flip-box-wrapper .flip-front { padding-top: 20px; padding-bottom: 20px; }.shortcode-rand-6.flip-box-wrapper .flip-back { padding-top: 20px; padding-bottom: 20px; }.shortcode-rand-6 .flip-box-icon { font-size: 24px; }.shortcode-rand-6 .flip-box-icon { height: 48px; width: 48px; }.shortcode-rand-6 .flip-box-icon { line-height: 2; }.shortcode-rand-6:hover .flip-box-icon { color: #000000; }.shortcode-rand-6 .flip-box-icon { background: transparent; }.shortcode-rand-6:hover .flip-box-icon { background: transparent; }&quot;\"><div class=\"flip-inner imghvr-flip-vert\"><div class=\"flip-front\"><div class=\"flip-box-title\"><h3 class=\"section-title\">Logiciel de Doc.<\/h3><\/div><!-- .flip-box-title --><div class=\"flip-box-thumb\"><img class=\"img-fluid squared\" src=\"https:\/\/www.magellanaviation.com\/wp-content\/uploads\/2019\/04\/doctech-1.jpg\" width=\"1000\" height=\"665\" alt=\"Authoring Tool\" \/><\/div><!-- .flip-box-thumb --><\/div><!-- .flip-front --><div class=\"flip-back\"><div class=\"flip-box-content\"><\/p>\n<p style=\"text-align: center\"><span style=\"font-family: verdana, geneva, sans-serif;font-size: 12pt\">Documentation<\/span><\/p>\n<p><\/div><!-- .flip-box-content --><div class=\"flip-box-btn\"><a class=\"btn default\" href=\"#doctech\" title=\"Lire Plus\">Lire Plus<\/a><\/div><!-- .flip-box-btn --><div class=\"flip-box-icon text-center squared icon-dark\"><span class=\"fa fa-check-square-o\"><\/span><\/div><!-- .flip-box-icon --><\/div><!-- .flip-back --><\/div><!-- .flip-inner --><\/div><!-- .flip-box-wrapper --><\/div><\/div><\/div><\/div><div data-vc-full-width=\"true\" data-vc-full-width-init=\"false\" class=\"vc_row wpb_row vc_row-fluid wpb_animate_when_almost_visible wpb_slideInLeft slideInLeft vc_custom_1576685080212 vc_row-has-fill vc_row-o-content-middle vc_row-flex\"><div class=\"wpb_column vc_column_container vc_col-sm-4\"><div class=\"vc_column-inner\"><div class=\"wpb_wrapper\"><div class=\"vc_btn3-container vc_btn3-right\" ><a class=\"vc_general vc_btn3 vc_btn3-size-md vc_btn3-shape-rounded vc_btn3-style-3d vc_btn3-color-grey\" href=\"mailto:%20maintenance@magellanaviation.com\" title=\"\">Joindre notre \u00e9quipe Technique<\/a><\/div><\/div><\/div><\/div><div class=\"wpb_column vc_column_container vc_col-sm-4\"><div class=\"vc_column-inner\"><div class=\"wpb_wrapper\">\n\t<div  class=\"wpb_single_image wpb_content_element vc_align_center  vc_custom_1576684110123\">\n\t\t\n\t\t<figure class=\"wpb_wrapper vc_figure\">\n\t\t\t<div class=\"vc_single_image-wrapper vc_box_shadow_3d  vc_box_border_grey\"><img class=\"vc_single_image-img\" src=\"https:\/\/www.magellanaviation.com\/wp-content\/uploads\/2019\/04\/AMA_Instruction_011317__9-1024x681-e1555962618659-350x233.jpg\" width=\"350\" height=\"233\" alt=\"AMA_Instruction_011317__9-1024x681\" title=\"AMA_Instruction_011317__9-1024x681\" \/><\/div>\n\t\t<\/figure>\n\t<\/div>\n<\/div><\/div><\/div><div class=\"wpb_column vc_column_container vc_col-sm-4 vc_col-has-fill\"><div class=\"vc_column-inner vc_custom_1576256042649\"><div class=\"wpb_wrapper\">\n\t<div class=\"wpb_text_column wpb_content_element  vc_custom_1615918313783\" >\n\t\t<div class=\"wpb_wrapper\">\n\t\t\t<h1 style=\"text-align: left;\"><span style=\"color: #ffffff;\"><strong><span style=\"font-family: verdana, geneva, sans-serif;\"><a id=\"ferry_flight\"><\/a>Inspections<br \/>\n<\/span><\/strong><\/span><\/h1>\n<p style=\"text-align: left;\"><span style=\"font-family: verdana, geneva, sans-serif; color: #ffffff;\">Sur avions neufs ou usag\u00e9s, une inspection personnalis\u00e9e sera men\u00e9e par nos \u00c9quipes pour approuver l'avion avant une livraison.<br \/>\n<\/span><\/p>\n<p style=\"text-align: left;\"><span style=\"font-family: verdana, geneva, sans-serif; color: #ffffff;\">Allant de l'Inspection Physique jusqu'\u00e0 la v\u00e9rification de la Documentation et des Enregistrements de l'avion.<br \/>\n<\/span><\/p>\n\n\t\t<\/div>\n\t<\/div>\n<\/div><\/div><\/div><\/div><div class=\"vc_row-full-width vc_clearfix\"><\/div><div data-vc-full-width=\"true\" data-vc-full-width-init=\"false\" class=\"vc_row wpb_row vc_row-fluid wpb_animate_when_almost_visible wpb_slideInRight slideInRight vc_custom_1579191054022 vc_row-has-fill vc_row-o-content-middle vc_row-flex\"><div class=\"wpb_column vc_column_container vc_col-sm-4 vc_col-has-fill\"><div class=\"vc_column-inner vc_custom_1576256042649\"><div class=\"wpb_wrapper\">\n\t<div class=\"wpb_text_column wpb_content_element  vc_custom_1615918342162\" >\n\t\t<div class=\"wpb_wrapper\">\n\t\t\t<h1 style=\"text-align: right;\"><span style=\"color: #777954;\"><strong><span style=\"font-family: verdana, geneva, sans-serif;\"><a id=\"crew_provisioning\"><\/a>Ferry et Demo<br \/>\n<\/span><\/strong><\/span><\/h1>\n<p style=\"text-align: right;\"><span style=\"font-family: verdana, geneva, sans-serif; color: #777954;\">Depuis de nombreuses ann\u00e9es, nous organisons des Ferry, des vols de D\u00e9mo ou des vols d'Inspection sur tous les types d'ATR.<\/span><\/p>\n<p style=\"text-align: right;\"><span style=\"font-family: verdana, geneva, sans-serif; color: #777954;\">Nos \u00c9quipes sp\u00e9cialis\u00e9es \"Vols\" g\u00e8rent tous les aspects : l'\u00e9quipage, l'avion, la paperasse, les plans de vol, les escales, les autorisations, les mises en place humaines...<\/span><\/p>\n\n\t\t<\/div>\n\t<\/div>\n<\/div><\/div><\/div><div class=\"wpb_column vc_column_container vc_col-sm-4\"><div class=\"vc_column-inner\"><div class=\"wpb_wrapper\">\n\t<div  class=\"wpb_single_image wpb_content_element vc_align_center  vc_custom_1576266567594\">\n\t\t\n\t\t<figure class=\"wpb_wrapper vc_figure\">\n\t\t\t<div class=\"vc_single_image-wrapper vc_box_shadow_3d  vc_box_border_grey\"><img class=\"vc_single_image-img\" src=\"https:\/\/www.magellanaviation.com\/wp-content\/uploads\/2016\/08\/IMG_6607-350x233.jpg\" width=\"350\" height=\"233\" alt=\"IMG_6607\" title=\"IMG_6607\" \/><\/div>\n\t\t<\/figure>\n\t<\/div>\n<\/div><\/div><\/div><div class=\"wpb_column vc_column_container vc_col-sm-4\"><div class=\"vc_column-inner\"><div class=\"wpb_wrapper\"><div class=\"vc_btn3-container vc_btn3-left\" ><a class=\"vc_general vc_btn3 vc_btn3-size-md vc_btn3-shape-rounded vc_btn3-style-3d vc_btn3-color-grey\" href=\"mailto:%20planning@magellanaviation.com\" title=\"\">Joindre notre \u00c9quipe \"Vols\"<\/a><\/div><\/div><\/div><\/div><\/div><div class=\"vc_row-full-width vc_clearfix\"><\/div><div data-vc-full-width=\"true\" data-vc-full-width-init=\"false\" class=\"vc_row wpb_row vc_row-fluid wpb_animate_when_almost_visible wpb_slideInLeft slideInLeft vc_custom_1576684968986 vc_row-has-fill vc_row-o-content-middle vc_row-flex\"><div class=\"wpb_column vc_column_container vc_col-sm-4\"><div class=\"vc_column-inner\"><div class=\"wpb_wrapper\"><div class=\"vc_btn3-container vc_btn3-right\" ><a class=\"vc_general vc_btn3 vc_btn3-size-md vc_btn3-shape-rounded vc_btn3-style-3d vc_btn3-color-grey\" href=\"mailto:%20recruitement@magellanaviation.com\" title=\"\">Joindre notre \u00c9quipe de recrutement<\/a><\/div><\/div><\/div><\/div><div class=\"wpb_column vc_column_container vc_col-sm-4\"><div class=\"vc_column-inner\"><div class=\"wpb_wrapper\">\n\t<div  class=\"wpb_single_image wpb_content_element vc_align_center  vc_custom_1576266559238\">\n\t\t\n\t\t<figure class=\"wpb_wrapper vc_figure\">\n\t\t\t<div class=\"vc_single_image-wrapper vc_box_shadow_3d  vc_box_border_grey\"><img class=\"vc_single_image-img\" src=\"https:\/\/www.magellanaviation.com\/wp-content\/uploads\/2019\/04\/TPSCoC3_16_12-350x233.jpg\" width=\"350\" height=\"233\" alt=\"PUBLICATION CUTLINE: On March 16, CDR Andrew Lynch, USN relieved by CDR Brandt Moslener, USN, as Commanding Officer of U.S. Navy Test Pilot School. The ceremony took place at United States Test Pilot School at 1400 in Hangar 110.  US Navy Photo by Liz Wolter.DATE: 120316LOCATION: USNPTS, NAS PAX - Patuxent River, MDEVENT: U.S. Naval Test Pilot School Change of CommandSUBJECT(S): CDR Andrew C. Lynch, USN was relieved by CDR Brandt A. Moslener, USNREQUESTOR: Rich HarrisUS Navy Photography by Liz Wolter\" title=\"TPSCoC3_16_12\" \/><\/div>\n\t\t<\/figure>\n\t<\/div>\n<\/div><\/div><\/div><div class=\"wpb_column vc_column_container vc_col-sm-4 vc_col-has-fill\"><div class=\"vc_column-inner vc_custom_1576256042649\"><div class=\"wpb_wrapper\">\n\t<div class=\"wpb_text_column wpb_content_element  vc_custom_1615918383854\" >\n\t\t<div class=\"wpb_wrapper\">\n\t\t\t<h1 style=\"text-align: left;\"><span style=\"color: #ffffff;\"><strong><span style=\"font-family: verdana, geneva, sans-serif;\"><a id=\"maintenance_support\"><\/a>Recrutement d'\u00c9quipages<\/span><\/strong><\/span><\/h1>\n<p style=\"text-align: left;\"><span style=\"font-family: verdana, geneva, sans-serif; color: #ffffff;\">Magellan apporte aux Compagnies A\u00e9riennes les meilleurs candidats, strictement s\u00e9lectionn\u00e9s, et offre garanties et s\u00e9curit\u00e9 aux pilotes.<\/span><\/p>\n<p style=\"text-align: left;\"><span style=\"color: #ffffff;\"><span style=\"font-family: verdana, geneva, sans-serif;\">Nos m\u00e9thodes internes vous assurent une s\u00e9lection minutieuse. <\/span><span style=\"font-family: verdana, geneva, sans-serif;\">Magellan ne fait pas que collecter des CV mais accomplit un recrutement stricte et complet.<\/span><\/span><\/p>\n\n\t\t<\/div>\n\t<\/div>\n<\/div><\/div><\/div><\/div><div class=\"vc_row-full-width vc_clearfix\"><\/div><div data-vc-full-width=\"true\" data-vc-full-width-init=\"false\" class=\"vc_row wpb_row vc_row-fluid wpb_animate_when_almost_visible wpb_slideInRight slideInRight vc_custom_1579191080290 vc_row-has-fill vc_row-o-content-middle vc_row-flex\"><div class=\"wpb_column vc_column_container vc_col-sm-4 vc_col-has-fill\"><div class=\"vc_column-inner vc_custom_1576256042649\"><div class=\"wpb_wrapper\">\n\t<div class=\"wpb_text_column wpb_content_element  vc_custom_1615912781329\" >\n\t\t<div class=\"wpb_wrapper\">\n\t\t\t<h1 style=\"text-align: right;\"><span style=\"color: #777954;\"><strong><span style=\"font-family: verdana, geneva, sans-serif;\"><a id=\"maintenance_support\"><\/a>Support Maintenance<br \/>\n<\/span><\/strong><\/span><\/h1>\n<p style=\"text-align: right;\"><span style=\"font-family: verdana, geneva, sans-serif; color: #777954;\"> Pour am\u00e9liorer la fiabilit\u00e9 de votre Flotte et optimiser vos Op\u00e9rations, nous fournissons une Assistance Technique sur site 24\/7, allant de la Maintenance et R\u00e9paration de composants \u00e0 des Conseils Techniques et de la Supervision.<\/span><\/p>\n\n\t\t<\/div>\n\t<\/div>\n<\/div><\/div><\/div><div class=\"wpb_column vc_column_container vc_col-sm-4\"><div class=\"vc_column-inner\"><div class=\"wpb_wrapper\">\n\t<div  class=\"wpb_single_image wpb_content_element vc_align_center  vc_custom_1579190958929\">\n\t\t\n\t\t<figure class=\"wpb_wrapper vc_figure\">\n\t\t\t<div class=\"vc_single_image-wrapper vc_box_shadow_3d  vc_box_border_grey\"><img class=\"vc_single_image-img\" src=\"https:\/\/www.magellanaviation.com\/wp-content\/uploads\/2019\/04\/AMA_Instruction_011317__9-1024x681-e1555962618659-350x233.jpg\" width=\"350\" height=\"233\" alt=\"AMA_Instruction_011317__9-1024x681\" title=\"AMA_Instruction_011317__9-1024x681\" \/><\/div>\n\t\t<\/figure>\n\t<\/div>\n<\/div><\/div><\/div><div class=\"wpb_column vc_column_container vc_col-sm-4\"><div class=\"vc_column-inner\"><div class=\"wpb_wrapper\"><div class=\"vc_btn3-container vc_btn3-left\" ><a class=\"vc_general vc_btn3 vc_btn3-size-md vc_btn3-shape-rounded vc_btn3-style-3d vc_btn3-color-grey\" href=\"mailto:%20contact@magellanaviation.com\" title=\"\">Joindre notre \u00e9quipe Technique<\/a><\/div><\/div><\/div><\/div><\/div><div class=\"vc_row-full-width vc_clearfix\"><\/div><div data-vc-full-width=\"true\" data-vc-full-width-init=\"false\" class=\"vc_row wpb_row vc_row-fluid wpb_animate_when_almost_visible wpb_slideInLeft slideInLeft vc_custom_1576684968986 vc_row-has-fill vc_row-o-content-middle vc_row-flex\"><div class=\"wpb_column vc_column_container vc_col-sm-4\"><div class=\"vc_column-inner\"><div class=\"wpb_wrapper\"><div class=\"vc_btn3-container vc_btn3-right\" ><a class=\"vc_general vc_btn3 vc_btn3-size-md vc_btn3-shape-rounded vc_btn3-style-3d vc_btn3-color-grey\" href=\"mailto:%20contact@thedoctech.com\" title=\"\">Joindre notre \u00e9quipe Informatique<\/a><\/div><\/div><\/div><\/div><div class=\"wpb_column vc_column_container vc_col-sm-4\"><div class=\"vc_column-inner\"><div class=\"wpb_wrapper\">\n\t<div  class=\"wpb_single_image wpb_content_element vc_align_center  vc_custom_1593527701354\">\n\t\t\n\t\t<figure class=\"wpb_wrapper vc_figure\">\n\t\t\t<div class=\"vc_single_image-wrapper vc_box_shadow_3d  vc_box_border_grey\"><img class=\"vc_single_image-img\" src=\"https:\/\/www.magellanaviation.com\/wp-content\/uploads\/2019\/04\/doctech-1-350x233.jpg\" width=\"350\" height=\"233\" alt=\"doctech\" title=\"doctech\" \/><\/div>\n\t\t<\/figure>\n\t<\/div>\n<\/div><\/div><\/div><div class=\"wpb_column vc_column_container vc_col-sm-4 vc_col-has-fill\"><div class=\"vc_column-inner vc_custom_1576256042649\"><div class=\"wpb_wrapper\">\n\t<div class=\"wpb_text_column wpb_content_element  vc_custom_1615912813181\" >\n\t\t<div class=\"wpb_wrapper\">\n\t\t\t<h1 style=\"text-align: left;\"><span style=\"color: #ffffff;\"><strong><span style=\"font-family: verdana, geneva, sans-serif;\"><a id=\"doctech\"><\/a>Logiciel de Doc.<br \/>\n<\/span><\/strong><\/span><\/h1>\n<p style=\"text-align: left;\"><span style=\"font-family: verdana, geneva, sans-serif; color: #ffffff;\">Que vous soyez une Compagnie \u00e9mergente ou d\u00e9j\u00e0 \u00e9tablie, ne laissez pas la gestion Documentaire vous submerger et faire perdre de l'\u00e9nergie \u00e0 vos employ\u00e9s.<\/span><\/p>\n<p style=\"text-align: left;\"><span style=\"color: #ffffff;\"><span style=\"font-family: verdana, geneva, sans-serif;\">Documentation l\u00e9gale, Manuels techniques, Manuels qualit\u00e9... Garder sa documentation Conforme est la premi\u00e8re (voire la principale) \u00e9tape pour mener \u00e0 bien vos Op\u00e9rations.<\/span><\/span><\/p>\n\n\t\t<\/div>\n\t<\/div>\n<\/div><\/div><\/div><\/div><div class=\"vc_row-full-width vc_clearfix\"><\/div>","protected":false},"excerpt":{"rendered":"Acceptance Inspections Inspections Read MoreFerry Flights Ferry &amp; Demo Read MoreCrew Provisioning Crew Provisioning Read MoreMaintenance Support A\/C Maintenance Read MoreAuthoring Tool Documentation Read MoreContact our Technical team Acceptance Inspection On either new or used aircraft, our Engineers will provide customer's team with a customized inspection to approve the aircraft prior to the delivery. From","protected":false},"author":3,"featured_media":0,"parent":0,"menu_order":0,"comment_status":"closed","ping_status":"closed","template":"","meta":{"footnotes":""},"_links":{"self":[{"href":"https:\/\/www.magellanaviation.com\/fr\/wp-json\/wp\/v2\/pages\/3436"}],"collection":[{"href":"https:\/\/www.magellanaviation.com\/fr\/wp-json\/wp\/v2\/pages"}],"about":[{"href":"https:\/\/www.magellanaviation.com\/fr\/wp-json\/wp\/v2\/types\/page"}],"author":[{"embeddable":true,"href":"https:\/\/www.magellanaviation.com\/fr\/wp-json\/wp\/v2\/users\/3"}],"replies":[{"embeddable":true,"href":"https:\/\/www.magellanaviation.com\/fr\/wp-json\/wp\/v2\/comments?post=3436"}],"version-history":[{"count":161,"href":"https:\/\/www.magellanaviation.com\/fr\/wp-json\/wp\/v2\/pages\/3436\/revisions"}],"predecessor-version":[{"id":4236,"href":"https:\/\/www.magellanaviation.com\/fr\/wp-json\/wp\/v2\/pages\/3436\/revisions\/4236"}],"wp:attachment":[{"href":"https:\/\/www.magellanaviation.com\/fr\/wp-json\/wp\/v2\/media?parent=3436"}],"curies":[{"name":"wp","href":"https:\/\/api.w.org\/{rel}","templated":true}]}}